{"id":53,"date":"2017-12-31T18:43:47","date_gmt":"2017-12-31T18:43:47","guid":{"rendered":"http:\/\/zupnijanova.palcje.com\/?page_id=53"},"modified":"2026-05-01T12:04:31","modified_gmt":"2026-05-01T10:04:31","slug":"bralci-beril-v-zupniji-trnje","status":"publish","type":"page","link":"https:\/\/www.ztz.rkc.si\/index.php\/bralci-beril-v-zupniji-trnje\/","title":{"rendered":"Bralci beril v \u017eupniji Trnje"},"content":{"rendered":"<p><strong><span style=\"font-size: 14pt;\">BRALCI BERIL (Maj 2026)<\/span><\/strong><\/p>\n<p><span style=\"font-size: 14pt;\">3. maj (5. velikono\u010dna nedelja):<\/span><br \/>\n<span style=\"font-size: 14pt;\">TRNJE: 1. berilo: KARMEN BOBEK<\/span><br \/>\n<span style=\"font-size: 14pt;\">2. berilo: BRANKO GLA\u017dAR<\/span><\/p>\n<p><span style=\"font-size: 14pt;\">10. maj (6. velikono\u010dna nedelja):<\/span><br \/>\n<span style=\"font-size: 14pt;\">TRNJE: 1. berilo: BOJANA \u010cESNIK<\/span><br \/>\n<span style=\"font-size: 14pt;\">2. berilo: MITJA \u010cERNA\u010c<\/span><\/p>\n<p><span style=\"font-size: 14pt;\">14. maj (Gospodov vnebohod):<\/span><br \/>\n<span style=\"font-size: 14pt;\">TRNJE: 1. berilo: SONJA BRAJLIH<\/span><br \/>\n<span style=\"font-size: 14pt;\">2. berilo: ESTER \u0160ANTELJ<\/span><\/p>\n<p><span style=\"font-size: 14pt;\">17. maj (7. velikono\u010dna nedelja):<\/span><br \/>\n<span style=\"font-size: 14pt;\">TRNJE: 1. berilo: BENJAMIN SMRDELJ<\/span><br \/>\n<span style=\"font-size: 14pt;\">2. berilo: UR\u0160KA \u017dU\u017dEK<\/span><\/p>\n<p><span style=\"font-size: 14pt;\">24. maj (Binko\u0161ti):<\/span><br \/>\n<span style=\"font-size: 14pt;\">TRNJE: 1. berilo: TINKARA REBEC<\/span><br \/>\n<span style=\"font-size: 14pt;\">2. berilo: MATJA\u017d SMRDELJ<\/span><\/p>\n<p><span style=\"font-size: 14pt;\">31. maj (Sveta Trojica):<\/span><br \/>\n<span style=\"font-size: 14pt;\">TRNJE: 1. berilo: UR\u0160KA \u017dU\u017dEK<\/span><br \/>\n<span style=\"font-size: 14pt;\">2. berilo: BOJANA \u010cESNIK<\/span><\/p>\n","protected":false},"excerpt":{"rendered":"<p>BRALCI BERIL (Maj 2026) 3. maj (5. velikono\u010dna nedelja): TRNJE: 1. berilo: KARMEN BOBEK 2. berilo: BRANKO GLA\u017dAR 10. maj (6. velikono\u010dna nedelja): TRNJE: 1. berilo: BOJANA \u010cESNIK 2. berilo: MITJA \u010cERNA\u010c 14. maj (Gospodov vnebohod): TRNJE: 1. berilo: SONJA BRAJLIH 2. berilo: ESTER \u0160ANTELJ 17. maj (7. velikono\u010dna nedelja): TRNJE: 1. berilo: BENJAMIN SMRDELJ <a class=\"read-more\" href=\"https:\/\/www.ztz.rkc.si\/index.php\/bralci-beril-v-zupniji-trnje\/\">Preberi ve\u010d<\/a><\/p>\n","protected":false},"author":2,"featured_media":22,"parent":0,"menu_order":0,"comment_status":"closed","ping_status":"closed","template":"","meta":{"footnotes":""},"class_list":["post-53","page","type-page","status-publish","has-post-thumbnail","hentry"],"_links":{"self":[{"href":"https:\/\/www.ztz.rkc.si\/index.php\/wp-json\/wp\/v2\/pages\/53","targetHints":{"allow":["GET"]}}],"collection":[{"href":"https:\/\/www.ztz.rkc.si\/index.php\/wp-json\/wp\/v2\/pages"}],"about":[{"href":"https:\/\/www.ztz.rkc.si\/index.php\/wp-json\/wp\/v2\/types\/page"}],"author":[{"embeddable":true,"href":"https:\/\/www.ztz.rkc.si\/index.php\/wp-json\/wp\/v2\/users\/2"}],"replies":[{"embeddable":true,"href":"https:\/\/www.ztz.rkc.si\/index.php\/wp-json\/wp\/v2\/comments?post=53"}],"version-history":[{"count":100,"href":"https:\/\/www.ztz.rkc.si\/index.php\/wp-json\/wp\/v2\/pages\/53\/revisions"}],"predecessor-version":[{"id":3143,"href":"https:\/\/www.ztz.rkc.si\/index.php\/wp-json\/wp\/v2\/pages\/53\/revisions\/3143"}],"wp:featuredmedia":[{"embeddable":true,"href":"https:\/\/www.ztz.rkc.si\/index.php\/wp-json\/wp\/v2\/media\/22"}],"wp:attachment":[{"href":"https:\/\/www.ztz.rkc.si\/index.php\/wp-json\/wp\/v2\/media?parent=53"}],"curies":[{"name":"wp","href":"https:\/\/api.w.org\/{rel}","templated":true}]}}