{"id":3103,"date":"2026-03-29T11:54:38","date_gmt":"2026-03-29T09:54:38","guid":{"rendered":"https:\/\/www.ztz.rkc.si\/?page_id=3103"},"modified":"2026-05-10T16:50:03","modified_gmt":"2026-05-10T14:50:03","slug":"obvestila","status":"publish","type":"page","link":"https:\/\/www.ztz.rkc.si\/index.php\/obvestila\/","title":{"rendered":"Obvestila"},"content":{"rendered":"<p><span style=\"font-size: 14pt;\">\u2013 V ponedeljek ob 20. uri sre\u010danje za star\u0161e prvoobhajancev.<\/span><br \/>\n<span style=\"font-size: 14pt;\">\u2013 V ponedeljek, torek in sredo so pro\u0161nji dnevi. Pri ma\u0161ah bodo litanije vseh svetnikov s pro\u0161njami za odvrnitev nesre\u010d in blagoslov pri na\u0161em delu.<\/span><\/p>\n","protected":false},"excerpt":{"rendered":"<p>\u2013 V ponedeljek ob 20. uri sre\u010danje za star\u0161e prvoobhajancev. \u2013 V ponedeljek, torek in sredo so pro\u0161nji dnevi. Pri ma\u0161ah bodo litanije vseh svetnikov s pro\u0161njami za odvrnitev nesre\u010d in blagoslov pri na\u0161em delu.<\/p>\n","protected":false},"author":2,"featured_media":41,"parent":0,"menu_order":0,"comment_status":"closed","ping_status":"closed","template":"","meta":{"footnotes":""},"class_list":["post-3103","page","type-page","status-publish","has-post-thumbnail","hentry"],"_links":{"self":[{"href":"https:\/\/www.ztz.rkc.si\/index.php\/wp-json\/wp\/v2\/pages\/3103","targetHints":{"allow":["GET"]}}],"collection":[{"href":"https:\/\/www.ztz.rkc.si\/index.php\/wp-json\/wp\/v2\/pages"}],"about":[{"href":"https:\/\/www.ztz.rkc.si\/index.php\/wp-json\/wp\/v2\/types\/page"}],"author":[{"embeddable":true,"href":"https:\/\/www.ztz.rkc.si\/index.php\/wp-json\/wp\/v2\/users\/2"}],"replies":[{"embeddable":true,"href":"https:\/\/www.ztz.rkc.si\/index.php\/wp-json\/wp\/v2\/comments?post=3103"}],"version-history":[{"count":9,"href":"https:\/\/www.ztz.rkc.si\/index.php\/wp-json\/wp\/v2\/pages\/3103\/revisions"}],"predecessor-version":[{"id":3152,"href":"https:\/\/www.ztz.rkc.si\/index.php\/wp-json\/wp\/v2\/pages\/3103\/revisions\/3152"}],"wp:featuredmedia":[{"embeddable":true,"href":"https:\/\/www.ztz.rkc.si\/index.php\/wp-json\/wp\/v2\/media\/41"}],"wp:attachment":[{"href":"https:\/\/www.ztz.rkc.si\/index.php\/wp-json\/wp\/v2\/media?parent=3103"}],"curies":[{"name":"wp","href":"https:\/\/api.w.org\/{rel}","templated":true}]}}