{"id":2675,"date":"2025-02-03T12:33:18","date_gmt":"2025-02-03T10:33:18","guid":{"rendered":"https:\/\/www.ztz.rkc.si\/?page_id=2675"},"modified":"2025-02-03T14:35:23","modified_gmt":"2025-02-03T12:35:23","slug":"dom-duhovnosti-trnje","status":"publish","type":"page","link":"https:\/\/www.ztz.rkc.si\/index.php\/dom-duhovnosti-trnje\/","title":{"rendered":"Dom duhovnosti Trnje"},"content":{"rendered":"<figure id=\"attachment_8\" aria-describedby=\"caption-attachment-8\" style=\"width: 500px\" class=\"wp-caption alignnone\"><img loading=\"lazy\" decoding=\"async\" class=\"size-full wp-image-8\" src=\"https:\/\/www.ztz.rkc.si\/wp-content\/uploads\/2017\/12\/ctrnje.jpg\" alt=\"\" width=\"500\" height=\"374\" srcset=\"https:\/\/www.ztz.rkc.si\/wp-content\/uploads\/2017\/12\/ctrnje.jpg 500w, https:\/\/www.ztz.rkc.si\/wp-content\/uploads\/2017\/12\/ctrnje-300x224.jpg 300w, https:\/\/www.ztz.rkc.si\/wp-content\/uploads\/2017\/12\/ctrnje-380x285.jpg 380w, https:\/\/www.ztz.rkc.si\/wp-content\/uploads\/2017\/12\/ctrnje-285x214.jpg 285w\" sizes=\"auto, (max-width: 500px) 100vw, 500px\" \/><figcaption id=\"caption-attachment-8\" class=\"wp-caption-text\"><span style=\"font-size: 14pt;\">\u008e<\/span><\/figcaption><\/figure>\n<p><span style=\"font-size: 14pt;\">Pod okriljem \u017eupnije Trnje deluje tudi <strong>Dom duhovnosti Trnje<\/strong>. Dom se nahaja v vasici Trnje v bli\u017eini kraja Pivka. Kapaciteta doma je do 40 le\u017ei\u0161\u010d v treh skupnih spalnicah. Urejena je tudi kuhinja, skupni prostori, sanitarije in soba za voditelje. <\/span><\/p>\n<p><span style=\"font-size: 14pt;\">V neposredni bi\u017eini doma stoji mogo\u010dna iz kamna zidana \u017eupnijska cerkev sv. Trojice. V okolici pa se bohoti 1.106 m visoka gora Sv. Trojica, na kateri stoji obnovljena cerkev Sv. Troijce. Na poti proti vrhu je tudi lep, v kamen izklesan Kri\u017eev pot, delo \u017eupnika g. Vida Premrla. Od Doma duhovnosti v Trnju vodi k cerkvici in Kri\u017eevem potu tudi romarska pot, dolga okoli 2 uri hoda.<\/span><\/p>\n<p><span style=\"font-size: 14pt;\">Dom namenjen pastoralnim dejavnostim na ravni dekanije Postojna in Cerkve na Slovenskem, s poudarkom na mladini. Redni obiskovalci so na\u0161i skavti.<\/span><\/p>\n<p><strong><span style=\"font-size: 14pt;\">Za vse informacije pokli\u010dite ga. Marto Ule na telefon: 031 600 566 ali pi\u0161ite e-mail: marta.ule@gmail.com<\/span><\/strong><\/p>\n<p>&nbsp;<\/p>\n<p><img loading=\"lazy\" decoding=\"async\" class=\"alignnone wp-image-2681\" src=\"https:\/\/www.ztz.rkc.si\/wp-content\/uploads\/2025\/02\/IMG_20241229_155316.jpg\" alt=\"\" width=\"504\" height=\"357\" srcset=\"https:\/\/www.ztz.rkc.si\/wp-content\/uploads\/2025\/02\/IMG_20241229_155316.jpg 2422w, https:\/\/www.ztz.rkc.si\/wp-content\/uploads\/2025\/02\/IMG_20241229_155316-300x212.jpg 300w, https:\/\/www.ztz.rkc.si\/wp-content\/uploads\/2025\/02\/IMG_20241229_155316-1024x725.jpg 1024w, https:\/\/www.ztz.rkc.si\/wp-content\/uploads\/2025\/02\/IMG_20241229_155316-768x544.jpg 768w, https:\/\/www.ztz.rkc.si\/wp-content\/uploads\/2025\/02\/IMG_20241229_155316-1536x1088.jpg 1536w, https:\/\/www.ztz.rkc.si\/wp-content\/uploads\/2025\/02\/IMG_20241229_155316-2048x1450.jpg 2048w\" sizes=\"auto, (max-width: 504px) 100vw, 504px\" \/><\/p>\n","protected":false},"excerpt":{"rendered":"<p>Pod okriljem \u017eupnije Trnje deluje tudi Dom duhovnosti Trnje. Dom se nahaja v vasici Trnje v bli\u017eini kraja Pivka. Kapaciteta doma je do 40 le\u017ei\u0161\u010d v treh skupnih spalnicah. Urejena je tudi kuhinja, skupni prostori, sanitarije in soba za voditelje. V neposredni bi\u017eini doma stoji mogo\u010dna iz kamna zidana \u017eupnijska cerkev sv. Trojice. V okolici <a class=\"read-more\" href=\"https:\/\/www.ztz.rkc.si\/index.php\/dom-duhovnosti-trnje\/\">Preberi ve\u010d<\/a><\/p>\n","protected":false},"author":2,"featured_media":8,"parent":0,"menu_order":0,"comment_status":"closed","ping_status":"closed","template":"","meta":{"footnotes":""},"class_list":["post-2675","page","type-page","status-publish","has-post-thumbnail","hentry"],"_links":{"self":[{"href":"https:\/\/www.ztz.rkc.si\/index.php\/wp-json\/wp\/v2\/pages\/2675","targetHints":{"allow":["GET"]}}],"collection":[{"href":"https:\/\/www.ztz.rkc.si\/index.php\/wp-json\/wp\/v2\/pages"}],"about":[{"href":"https:\/\/www.ztz.rkc.si\/index.php\/wp-json\/wp\/v2\/types\/page"}],"author":[{"embeddable":true,"href":"https:\/\/www.ztz.rkc.si\/index.php\/wp-json\/wp\/v2\/users\/2"}],"replies":[{"embeddable":true,"href":"https:\/\/www.ztz.rkc.si\/index.php\/wp-json\/wp\/v2\/comments?post=2675"}],"version-history":[{"count":9,"href":"https:\/\/www.ztz.rkc.si\/index.php\/wp-json\/wp\/v2\/pages\/2675\/revisions"}],"predecessor-version":[{"id":2689,"href":"https:\/\/www.ztz.rkc.si\/index.php\/wp-json\/wp\/v2\/pages\/2675\/revisions\/2689"}],"wp:featuredmedia":[{"embeddable":true,"href":"https:\/\/www.ztz.rkc.si\/index.php\/wp-json\/wp\/v2\/media\/8"}],"wp:attachment":[{"href":"https:\/\/www.ztz.rkc.si\/index.php\/wp-json\/wp\/v2\/media?parent=2675"}],"curies":[{"name":"wp","href":"https:\/\/api.w.org\/{rel}","templated":true}]}}